{"id":5711,"date":"2023-05-21T18:53:49","date_gmt":"2023-05-21T16:53:49","guid":{"rendered":"https:\/\/www.stin.at\/?post_type=product&#038;p=5711"},"modified":"2024-10-05T18:56:05","modified_gmt":"2024-10-05T16:56:05","slug":"non-alcoholic","status":"publish","type":"product","link":"https:\/\/www.stin.at\/en\/produkt\/non-alcoholic\/","title":{"rendered":"Non Alcoholic"},"content":{"rendered":"<p><span class=\"s5\">What sets STIN apart is its great variety of flavours. This is no different with the non-alcoholic version of our gin. <\/span>Logical: STIN NON ALCOHOLIC is also made from the same ingredients. Among others, juniper berries, apples from southern Styria, elderberries from eastern Styria, lemons and oranges, caraway seeds, coriander, ginger, cardamom and pepper. There are 28 botanicals in total. Only the addition of alcohol is omitted in his case. That's why we also had to adapt the recipe a little. Quite a challenge! But this is the only way to keep the taste of all STINs the same: unmistakable.<\/p>\n<p><span class=\"s5\">Neben der gewohnten Frische \u00fcberzeugt auch der Non Alcoholic mit der bekannten W\u00fcrze. Sie erg\u00e4nzt die fruchtigen und zitruslastigen Noten und gibt dem nicht-alkoholischen STIN die besondere Charakteristik. Auch der alkoholfreie Gin wird im Kupferkessel und in kleinen Chargen schonend destilliert. Der hohe Gehalt an \u00e4therischen \u00d6len l\u00e4sst bei ihm eine leichte Tr\u00fcbung sichtbar werden. <\/span><\/p>","protected":false},"excerpt":{"rendered":"<p>Was den STIN auszeichnet, ist seine gro\u00dfe Aromenvielfalt. Das ist bei der alkoholfreien Variante unseres Gins nicht anders. Logisch: Der STIN NON ALCOHOLIC wird ja auch aus den gleichen Zutaten hergestellt. Unter anderem aus Wacholderbeeren, s\u00fcdsteirischen \u00c4pfeln, oststeirischem Holunder, Zitronen und Orangen, K\u00fcmmel, Koriander, Ingwer, Kardamom und Pfeffer. Insgesamt sind es 28 Botanicals. Nur auf [&hellip;]<\/p>","protected":false},"featured_media":5712,"template":"","meta":[],"product_cat":[37],"product_tag":[],"class_list":{"0":"post-5711","1":"product","2":"type-product","3":"status-publish","4":"has-post-thumbnail","6":"product_cat-500-ml-flaschen","8":"first","9":"instock","10":"taxable","11":"shipping-taxable","12":"purchasable","13":"product-type-simple"},"yoast_head":"<!-- This site is optimized with the Yoast SEO plugin v23.6 - https:\/\/yoast.com\/wordpress\/plugins\/seo\/ -->\n<title>Non Alcoholic - THE STIN<\/title>\n<meta name=\"robots\" content=\"index, follow, max-snippet:-1, max-image-preview:large, max-video-preview:-1\" \/>\n<link rel=\"canonical\" href=\"https:\/\/www.stin.at\/en\/produkt\/non-alcoholic\/\" \/>\n<meta property=\"og:locale\" content=\"en_US\" \/>\n<meta property=\"og:type\" content=\"article\" \/>\n<meta property=\"og:title\" content=\"Non Alcoholic - THE STIN\" \/>\n<meta property=\"og:description\" content=\"Was den STIN auszeichnet, ist seine gro\u00dfe Aromenvielfalt. Das ist bei der alkoholfreien Variante unseres Gins nicht anders. Logisch: Der STIN NON ALCOHOLIC wird ja auch aus den gleichen Zutaten hergestellt. Unter anderem aus Wacholderbeeren, s\u00fcdsteirischen \u00c4pfeln, oststeirischem Holunder, Zitronen und Orangen, K\u00fcmmel, Koriander, Ingwer, Kardamom und Pfeffer. Insgesamt sind es 28 Botanicals. Nur auf [&hellip;]\" \/>\n<meta property=\"og:url\" content=\"https:\/\/www.stin.at\/en\/produkt\/non-alcoholic\/\" \/>\n<meta property=\"og:site_name\" content=\"THE STIN\" \/>\n<meta property=\"article:modified_time\" content=\"2024-10-05T16:56:05+00:00\" \/>\n<meta property=\"og:image\" content=\"https:\/\/www.stin.at\/wp-content\/uploads\/2023\/05\/STIN_Shop_Non_Alcoholic.jpg\" \/>\n\t<meta property=\"og:image:width\" content=\"613\" \/>\n\t<meta property=\"og:image:height\" content=\"866\" \/>\n\t<meta property=\"og:image:type\" content=\"image\/jpeg\" \/>\n<meta name=\"twitter:card\" content=\"summary_large_image\" \/>\n<meta name=\"twitter:label1\" content=\"Est. reading time\" \/>\n\t<meta name=\"twitter:data1\" content=\"2 minutes\" \/>\n<script type=\"application\/ld+json\" class=\"yoast-schema-graph\">{\"@context\":\"https:\/\/schema.org\",\"@graph\":[{\"@type\":\"WebPage\",\"@id\":\"https:\/\/www.stin.at\/produkt\/non-alcoholic\/\",\"url\":\"https:\/\/www.stin.at\/produkt\/non-alcoholic\/\",\"name\":\"Non Alcoholic - THE STIN\",\"isPartOf\":{\"@id\":\"https:\/\/www.stin.at\/#website\"},\"primaryImageOfPage\":{\"@id\":\"https:\/\/www.stin.at\/produkt\/non-alcoholic\/#primaryimage\"},\"image\":{\"@id\":\"https:\/\/www.stin.at\/produkt\/non-alcoholic\/#primaryimage\"},\"thumbnailUrl\":\"https:\/\/www.stin.at\/wp-content\/uploads\/2023\/05\/STIN_Shop_Non_Alcoholic.jpg\",\"datePublished\":\"2023-05-21T16:53:49+00:00\",\"dateModified\":\"2024-10-05T16:56:05+00:00\",\"breadcrumb\":{\"@id\":\"https:\/\/www.stin.at\/produkt\/non-alcoholic\/#breadcrumb\"},\"inLanguage\":\"en-US\",\"potentialAction\":[{\"@type\":\"ReadAction\",\"target\":[\"https:\/\/www.stin.at\/produkt\/non-alcoholic\/\"]}]},{\"@type\":\"ImageObject\",\"inLanguage\":\"en-US\",\"@id\":\"https:\/\/www.stin.at\/produkt\/non-alcoholic\/#primaryimage\",\"url\":\"https:\/\/www.stin.at\/wp-content\/uploads\/2023\/05\/STIN_Shop_Non_Alcoholic.jpg\",\"contentUrl\":\"https:\/\/www.stin.at\/wp-content\/uploads\/2023\/05\/STIN_Shop_Non_Alcoholic.jpg\",\"width\":613,\"height\":866},{\"@type\":\"BreadcrumbList\",\"@id\":\"https:\/\/www.stin.at\/produkt\/non-alcoholic\/#breadcrumb\",\"itemListElement\":[{\"@type\":\"ListItem\",\"position\":1,\"name\":\"Startseite\",\"item\":\"https:\/\/www.stin.at\/\"},{\"@type\":\"ListItem\",\"position\":2,\"name\":\"Produkte\",\"item\":\"https:\/\/www.stin.at\/shop\/\"},{\"@type\":\"ListItem\",\"position\":3,\"name\":\"Non Alcoholic\"}]},{\"@type\":\"WebSite\",\"@id\":\"https:\/\/www.stin.at\/#website\",\"url\":\"https:\/\/www.stin.at\/\",\"name\":\"THE STIN\",\"description\":\"Styrian Gin\",\"publisher\":{\"@id\":\"https:\/\/www.stin.at\/#organization\"},\"potentialAction\":[{\"@type\":\"SearchAction\",\"target\":{\"@type\":\"EntryPoint\",\"urlTemplate\":\"https:\/\/www.stin.at\/?s={search_term_string}\"},\"query-input\":{\"@type\":\"PropertyValueSpecification\",\"valueRequired\":true,\"valueName\":\"search_term_string\"}}],\"inLanguage\":\"en-US\"},{\"@type\":\"Organization\",\"@id\":\"https:\/\/www.stin.at\/#organization\",\"name\":\"THE STIN\",\"url\":\"https:\/\/www.stin.at\/\",\"logo\":{\"@type\":\"ImageObject\",\"inLanguage\":\"en-US\",\"@id\":\"https:\/\/www.stin.at\/#\/schema\/logo\/image\/\",\"url\":\"https:\/\/www.stin.at\/wp-content\/uploads\/2020\/08\/Mobile_Logo.png\",\"contentUrl\":\"https:\/\/www.stin.at\/wp-content\/uploads\/2020\/08\/Mobile_Logo.png\",\"width\":967,\"height\":102,\"caption\":\"THE STIN\"},\"image\":{\"@id\":\"https:\/\/www.stin.at\/#\/schema\/logo\/image\/\"}}]}<\/script>\n<!-- \/ Yoast SEO plugin. -->","yoast_head_json":{"title":"Non Alcoholic - THE STIN","robots":{"index":"index","follow":"follow","max-snippet":"max-snippet:-1","max-image-preview":"max-image-preview:large","max-video-preview":"max-video-preview:-1"},"canonical":"https:\/\/www.stin.at\/en\/produkt\/non-alcoholic\/","og_locale":"en_US","og_type":"article","og_title":"Non Alcoholic - THE STIN","og_description":"Was den STIN auszeichnet, ist seine gro\u00dfe Aromenvielfalt. Das ist bei der alkoholfreien Variante unseres Gins nicht anders. Logisch: Der STIN NON ALCOHOLIC wird ja auch aus den gleichen Zutaten hergestellt. Unter anderem aus Wacholderbeeren, s\u00fcdsteirischen \u00c4pfeln, oststeirischem Holunder, Zitronen und Orangen, K\u00fcmmel, Koriander, Ingwer, Kardamom und Pfeffer. Insgesamt sind es 28 Botanicals. Nur auf [&hellip;]","og_url":"https:\/\/www.stin.at\/en\/produkt\/non-alcoholic\/","og_site_name":"THE STIN","article_modified_time":"2024-10-05T16:56:05+00:00","og_image":[{"width":613,"height":866,"url":"https:\/\/www.stin.at\/wp-content\/uploads\/2023\/05\/STIN_Shop_Non_Alcoholic.jpg","type":"image\/jpeg"}],"twitter_card":"summary_large_image","twitter_misc":{"Est. reading time":"2 minutes"},"schema":{"@context":"https:\/\/schema.org","@graph":[{"@type":"WebPage","@id":"https:\/\/www.stin.at\/produkt\/non-alcoholic\/","url":"https:\/\/www.stin.at\/produkt\/non-alcoholic\/","name":"Non Alcoholic - THE STIN","isPartOf":{"@id":"https:\/\/www.stin.at\/#website"},"primaryImageOfPage":{"@id":"https:\/\/www.stin.at\/produkt\/non-alcoholic\/#primaryimage"},"image":{"@id":"https:\/\/www.stin.at\/produkt\/non-alcoholic\/#primaryimage"},"thumbnailUrl":"https:\/\/www.stin.at\/wp-content\/uploads\/2023\/05\/STIN_Shop_Non_Alcoholic.jpg","datePublished":"2023-05-21T16:53:49+00:00","dateModified":"2024-10-05T16:56:05+00:00","breadcrumb":{"@id":"https:\/\/www.stin.at\/produkt\/non-alcoholic\/#breadcrumb"},"inLanguage":"en-US","potentialAction":[{"@type":"ReadAction","target":["https:\/\/www.stin.at\/produkt\/non-alcoholic\/"]}]},{"@type":"ImageObject","inLanguage":"en-US","@id":"https:\/\/www.stin.at\/produkt\/non-alcoholic\/#primaryimage","url":"https:\/\/www.stin.at\/wp-content\/uploads\/2023\/05\/STIN_Shop_Non_Alcoholic.jpg","contentUrl":"https:\/\/www.stin.at\/wp-content\/uploads\/2023\/05\/STIN_Shop_Non_Alcoholic.jpg","width":613,"height":866},{"@type":"BreadcrumbList","@id":"https:\/\/www.stin.at\/produkt\/non-alcoholic\/#breadcrumb","itemListElement":[{"@type":"ListItem","position":1,"name":"Startseite","item":"https:\/\/www.stin.at\/"},{"@type":"ListItem","position":2,"name":"Produkte","item":"https:\/\/www.stin.at\/shop\/"},{"@type":"ListItem","position":3,"name":"Non Alcoholic"}]},{"@type":"WebSite","@id":"https:\/\/www.stin.at\/#website","url":"https:\/\/www.stin.at\/","name":"THE STIN","description":"Styrian Gin","publisher":{"@id":"https:\/\/www.stin.at\/#organization"},"potentialAction":[{"@type":"SearchAction","target":{"@type":"EntryPoint","urlTemplate":"https:\/\/www.stin.at\/?s={search_term_string}"},"query-input":{"@type":"PropertyValueSpecification","valueRequired":true,"valueName":"search_term_string"}}],"inLanguage":"en-US"},{"@type":"Organization","@id":"https:\/\/www.stin.at\/#organization","name":"THE STIN","url":"https:\/\/www.stin.at\/","logo":{"@type":"ImageObject","inLanguage":"en-US","@id":"https:\/\/www.stin.at\/#\/schema\/logo\/image\/","url":"https:\/\/www.stin.at\/wp-content\/uploads\/2020\/08\/Mobile_Logo.png","contentUrl":"https:\/\/www.stin.at\/wp-content\/uploads\/2020\/08\/Mobile_Logo.png","width":967,"height":102,"caption":"THE STIN"},"image":{"@id":"https:\/\/www.stin.at\/#\/schema\/logo\/image\/"}}]}},"_links":{"self":[{"href":"https:\/\/www.stin.at\/en\/wp-json\/wp\/v2\/product\/5711"}],"collection":[{"href":"https:\/\/www.stin.at\/en\/wp-json\/wp\/v2\/product"}],"about":[{"href":"https:\/\/www.stin.at\/en\/wp-json\/wp\/v2\/types\/product"}],"wp:featuredmedia":[{"embeddable":true,"href":"https:\/\/www.stin.at\/en\/wp-json\/wp\/v2\/media\/5712"}],"wp:attachment":[{"href":"https:\/\/www.stin.at\/en\/wp-json\/wp\/v2\/media?parent=5711"}],"wp:term":[{"taxonomy":"product_cat","embeddable":true,"href":"https:\/\/www.stin.at\/en\/wp-json\/wp\/v2\/product_cat?post=5711"},{"taxonomy":"product_tag","embeddable":true,"href":"https:\/\/www.stin.at\/en\/wp-json\/wp\/v2\/product_tag?post=5711"}],"curies":[{"name":"wp","href":"https:\/\/api.w.org\/{rel}","templated":true}]}}