{"id":57,"date":"2019-09-19T22:20:08","date_gmt":"2019-09-19T20:20:08","guid":{"rendered":"https:\/\/www.stin.at\/?post_type=product&#038;p=57"},"modified":"2023-11-27T08:11:17","modified_gmt":"2023-11-27T07:11:17","slug":"classicproofmini","status":"publish","type":"product","link":"https:\/\/www.stin.at\/en\/produkt\/classicproofmini\/","title":{"rendered":"Classic Proof Mini"},"content":{"rendered":"<p class=\"p1\">It is the classic among our gin varieties. With juniper berries, South Styrian apples and East Styrian elderberries, with lemon as well as orange, it combines everything that makes STIN. Ingredients such as caraway, coriander, ginger, cardamom and pepper provide its fine facets. After distillation, the high alcohol content is reduced to 47% with Styrian spring water. Still high, but just right. Because this is how London Dry Gin is made without additives or preservatives.<\/p>\n<p class=\"p1\">Perfect for every handbag or trouser pocket, our Mini STIN. So you always have the right amount for a gin long drink ready!<\/p>","protected":false},"excerpt":{"rendered":"<p>Er ist der Klassiker unter unseren Gin Sorten. Mit Wacholderbeeren, s\u00fcdsteirischen \u00c4pfeln und oststeirischem Holunder, mit Zitrone sowie Orange vereint er all das, was den STIN ausmacht. Zutaten wie K\u00fcmmel, Koriander, Ingwer, Kardamom und Pfeffer sorgen f\u00fcr seinen feinen Facettenreichtum. Nach der Destillation wird der hohe Alkoholgehalt mit steirischem Quellwasser auf 47% herabgesetzt. Immer noch [&hellip;]<\/p>","protected":false},"featured_media":2178,"template":"","meta":[],"product_cat":[38],"product_tag":[],"class_list":{"0":"post-57","1":"product","2":"type-product","3":"status-publish","4":"has-post-thumbnail","6":"product_cat-40-ml-flaschen","8":"first","9":"instock","10":"taxable","11":"shipping-taxable","12":"purchasable","13":"product-type-simple"},"yoast_head":"<!-- This site is optimized with the Yoast SEO plugin v23.6 - https:\/\/yoast.com\/wordpress\/plugins\/seo\/ -->\n<title>Classic Proof Mini - THE STIN<\/title>\n<meta name=\"robots\" content=\"index, follow, max-snippet:-1, max-image-preview:large, max-video-preview:-1\" \/>\n<link rel=\"canonical\" href=\"https:\/\/www.stin.at\/en\/produkt\/classicproofmini\/\" \/>\n<meta property=\"og:locale\" content=\"en_US\" \/>\n<meta property=\"og:type\" content=\"article\" \/>\n<meta property=\"og:title\" content=\"Classic Proof Mini - THE STIN\" \/>\n<meta property=\"og:description\" content=\"Er ist der Klassiker unter unseren Gin Sorten. Mit Wacholderbeeren, s\u00fcdsteirischen \u00c4pfeln und oststeirischem Holunder, mit Zitrone sowie Orange vereint er all das, was den STIN ausmacht. Zutaten wie K\u00fcmmel, Koriander, Ingwer, Kardamom und Pfeffer sorgen f\u00fcr seinen feinen Facettenreichtum. Nach der Destillation wird der hohe Alkoholgehalt mit steirischem Quellwasser auf 47% herabgesetzt. Immer noch [&hellip;]\" \/>\n<meta property=\"og:url\" content=\"https:\/\/www.stin.at\/en\/produkt\/classicproofmini\/\" \/>\n<meta property=\"og:site_name\" content=\"THE STIN\" \/>\n<meta property=\"article:modified_time\" content=\"2023-11-27T07:11:17+00:00\" \/>\n<meta property=\"og:image\" content=\"https:\/\/www.stin.at\/wp-content\/uploads\/2019\/09\/STIN_Shop_Classic-Proof_Mini.jpg\" \/>\n\t<meta property=\"og:image:width\" content=\"707\" \/>\n\t<meta property=\"og:image:height\" content=\"1000\" \/>\n\t<meta property=\"og:image:type\" content=\"image\/jpeg\" \/>\n<meta name=\"twitter:card\" content=\"summary_large_image\" \/>\n<script type=\"application\/ld+json\" class=\"yoast-schema-graph\">{\"@context\":\"https:\/\/schema.org\",\"@graph\":[{\"@type\":\"WebPage\",\"@id\":\"https:\/\/www.stin.at\/produkt\/classicproofmini\/\",\"url\":\"https:\/\/www.stin.at\/produkt\/classicproofmini\/\",\"name\":\"Classic Proof Mini - THE STIN\",\"isPartOf\":{\"@id\":\"https:\/\/www.stin.at\/#website\"},\"primaryImageOfPage\":{\"@id\":\"https:\/\/www.stin.at\/produkt\/classicproofmini\/#primaryimage\"},\"image\":{\"@id\":\"https:\/\/www.stin.at\/produkt\/classicproofmini\/#primaryimage\"},\"thumbnailUrl\":\"https:\/\/www.stin.at\/wp-content\/uploads\/2019\/09\/STIN_Shop_Classic-Proof_Mini.jpg\",\"datePublished\":\"2019-09-19T20:20:08+00:00\",\"dateModified\":\"2023-11-27T07:11:17+00:00\",\"breadcrumb\":{\"@id\":\"https:\/\/www.stin.at\/produkt\/classicproofmini\/#breadcrumb\"},\"inLanguage\":\"en-US\",\"potentialAction\":[{\"@type\":\"ReadAction\",\"target\":[\"https:\/\/www.stin.at\/produkt\/classicproofmini\/\"]}]},{\"@type\":\"ImageObject\",\"inLanguage\":\"en-US\",\"@id\":\"https:\/\/www.stin.at\/produkt\/classicproofmini\/#primaryimage\",\"url\":\"https:\/\/www.stin.at\/wp-content\/uploads\/2019\/09\/STIN_Shop_Classic-Proof_Mini.jpg\",\"contentUrl\":\"https:\/\/www.stin.at\/wp-content\/uploads\/2019\/09\/STIN_Shop_Classic-Proof_Mini.jpg\",\"width\":707,\"height\":1000,\"caption\":\"STIN Classic Proof Mini\"},{\"@type\":\"BreadcrumbList\",\"@id\":\"https:\/\/www.stin.at\/produkt\/classicproofmini\/#breadcrumb\",\"itemListElement\":[{\"@type\":\"ListItem\",\"position\":1,\"name\":\"Startseite\",\"item\":\"https:\/\/www.stin.at\/\"},{\"@type\":\"ListItem\",\"position\":2,\"name\":\"Produkte\",\"item\":\"https:\/\/www.stin.at\/shop\/\"},{\"@type\":\"ListItem\",\"position\":3,\"name\":\"Classic Proof Mini\"}]},{\"@type\":\"WebSite\",\"@id\":\"https:\/\/www.stin.at\/#website\",\"url\":\"https:\/\/www.stin.at\/\",\"name\":\"THE STIN\",\"description\":\"Styrian Gin\",\"publisher\":{\"@id\":\"https:\/\/www.stin.at\/#organization\"},\"potentialAction\":[{\"@type\":\"SearchAction\",\"target\":{\"@type\":\"EntryPoint\",\"urlTemplate\":\"https:\/\/www.stin.at\/?s={search_term_string}\"},\"query-input\":{\"@type\":\"PropertyValueSpecification\",\"valueRequired\":true,\"valueName\":\"search_term_string\"}}],\"inLanguage\":\"en-US\"},{\"@type\":\"Organization\",\"@id\":\"https:\/\/www.stin.at\/#organization\",\"name\":\"THE STIN\",\"url\":\"https:\/\/www.stin.at\/\",\"logo\":{\"@type\":\"ImageObject\",\"inLanguage\":\"en-US\",\"@id\":\"https:\/\/www.stin.at\/#\/schema\/logo\/image\/\",\"url\":\"https:\/\/www.stin.at\/wp-content\/uploads\/2020\/08\/Mobile_Logo.png\",\"contentUrl\":\"https:\/\/www.stin.at\/wp-content\/uploads\/2020\/08\/Mobile_Logo.png\",\"width\":967,\"height\":102,\"caption\":\"THE STIN\"},\"image\":{\"@id\":\"https:\/\/www.stin.at\/#\/schema\/logo\/image\/\"}}]}<\/script>\n<!-- \/ Yoast SEO plugin. -->","yoast_head_json":{"title":"Classic Proof Mini - THE STIN","robots":{"index":"index","follow":"follow","max-snippet":"max-snippet:-1","max-image-preview":"max-image-preview:large","max-video-preview":"max-video-preview:-1"},"canonical":"https:\/\/www.stin.at\/en\/produkt\/classicproofmini\/","og_locale":"en_US","og_type":"article","og_title":"Classic Proof Mini - THE STIN","og_description":"Er ist der Klassiker unter unseren Gin Sorten. Mit Wacholderbeeren, s\u00fcdsteirischen \u00c4pfeln und oststeirischem Holunder, mit Zitrone sowie Orange vereint er all das, was den STIN ausmacht. Zutaten wie K\u00fcmmel, Koriander, Ingwer, Kardamom und Pfeffer sorgen f\u00fcr seinen feinen Facettenreichtum. Nach der Destillation wird der hohe Alkoholgehalt mit steirischem Quellwasser auf 47% herabgesetzt. Immer noch [&hellip;]","og_url":"https:\/\/www.stin.at\/en\/produkt\/classicproofmini\/","og_site_name":"THE STIN","article_modified_time":"2023-11-27T07:11:17+00:00","og_image":[{"width":707,"height":1000,"url":"https:\/\/www.stin.at\/wp-content\/uploads\/2019\/09\/STIN_Shop_Classic-Proof_Mini.jpg","type":"image\/jpeg"}],"twitter_card":"summary_large_image","schema":{"@context":"https:\/\/schema.org","@graph":[{"@type":"WebPage","@id":"https:\/\/www.stin.at\/produkt\/classicproofmini\/","url":"https:\/\/www.stin.at\/produkt\/classicproofmini\/","name":"Classic Proof Mini - THE STIN","isPartOf":{"@id":"https:\/\/www.stin.at\/#website"},"primaryImageOfPage":{"@id":"https:\/\/www.stin.at\/produkt\/classicproofmini\/#primaryimage"},"image":{"@id":"https:\/\/www.stin.at\/produkt\/classicproofmini\/#primaryimage"},"thumbnailUrl":"https:\/\/www.stin.at\/wp-content\/uploads\/2019\/09\/STIN_Shop_Classic-Proof_Mini.jpg","datePublished":"2019-09-19T20:20:08+00:00","dateModified":"2023-11-27T07:11:17+00:00","breadcrumb":{"@id":"https:\/\/www.stin.at\/produkt\/classicproofmini\/#breadcrumb"},"inLanguage":"en-US","potentialAction":[{"@type":"ReadAction","target":["https:\/\/www.stin.at\/produkt\/classicproofmini\/"]}]},{"@type":"ImageObject","inLanguage":"en-US","@id":"https:\/\/www.stin.at\/produkt\/classicproofmini\/#primaryimage","url":"https:\/\/www.stin.at\/wp-content\/uploads\/2019\/09\/STIN_Shop_Classic-Proof_Mini.jpg","contentUrl":"https:\/\/www.stin.at\/wp-content\/uploads\/2019\/09\/STIN_Shop_Classic-Proof_Mini.jpg","width":707,"height":1000,"caption":"STIN Classic Proof Mini"},{"@type":"BreadcrumbList","@id":"https:\/\/www.stin.at\/produkt\/classicproofmini\/#breadcrumb","itemListElement":[{"@type":"ListItem","position":1,"name":"Startseite","item":"https:\/\/www.stin.at\/"},{"@type":"ListItem","position":2,"name":"Produkte","item":"https:\/\/www.stin.at\/shop\/"},{"@type":"ListItem","position":3,"name":"Classic Proof Mini"}]},{"@type":"WebSite","@id":"https:\/\/www.stin.at\/#website","url":"https:\/\/www.stin.at\/","name":"THE STIN","description":"Styrian Gin","publisher":{"@id":"https:\/\/www.stin.at\/#organization"},"potentialAction":[{"@type":"SearchAction","target":{"@type":"EntryPoint","urlTemplate":"https:\/\/www.stin.at\/?s={search_term_string}"},"query-input":{"@type":"PropertyValueSpecification","valueRequired":true,"valueName":"search_term_string"}}],"inLanguage":"en-US"},{"@type":"Organization","@id":"https:\/\/www.stin.at\/#organization","name":"THE STIN","url":"https:\/\/www.stin.at\/","logo":{"@type":"ImageObject","inLanguage":"en-US","@id":"https:\/\/www.stin.at\/#\/schema\/logo\/image\/","url":"https:\/\/www.stin.at\/wp-content\/uploads\/2020\/08\/Mobile_Logo.png","contentUrl":"https:\/\/www.stin.at\/wp-content\/uploads\/2020\/08\/Mobile_Logo.png","width":967,"height":102,"caption":"THE STIN"},"image":{"@id":"https:\/\/www.stin.at\/#\/schema\/logo\/image\/"}}]}},"_links":{"self":[{"href":"https:\/\/www.stin.at\/en\/wp-json\/wp\/v2\/product\/57"}],"collection":[{"href":"https:\/\/www.stin.at\/en\/wp-json\/wp\/v2\/product"}],"about":[{"href":"https:\/\/www.stin.at\/en\/wp-json\/wp\/v2\/types\/product"}],"wp:featuredmedia":[{"embeddable":true,"href":"https:\/\/www.stin.at\/en\/wp-json\/wp\/v2\/media\/2178"}],"wp:attachment":[{"href":"https:\/\/www.stin.at\/en\/wp-json\/wp\/v2\/media?parent=57"}],"wp:term":[{"taxonomy":"product_cat","embeddable":true,"href":"https:\/\/www.stin.at\/en\/wp-json\/wp\/v2\/product_cat?post=57"},{"taxonomy":"product_tag","embeddable":true,"href":"https:\/\/www.stin.at\/en\/wp-json\/wp\/v2\/product_tag?post=57"}],"curies":[{"name":"wp","href":"https:\/\/api.w.org\/{rel}","templated":true}]}}