{"id":5492,"date":"2022-12-10T09:34:18","date_gmt":"2022-12-10T08:34:18","guid":{"rendered":"https:\/\/www.stin.at\/?post_type=product&#038;p=5492"},"modified":"2023-11-27T08:06:37","modified_gmt":"2023-11-27T07:06:37","slug":"stin-set-styrian-enjoyment-kopie","status":"publish","type":"product","link":"https:\/\/www.stin.at\/en\/produkt\/stin-set-styrian-enjoyment-kopie\/","title":{"rendered":"STYRIAN ENJOYMENT"},"content":{"rendered":"<p>Das STIN-Set &#8222;Styrian Enjoyment&#8220; bietet die gesamte Vielfalt von STIN.<br \/>\nAll three types of gin have one thing in common: the 28 botanicals for a special variety of flavours.<br \/>\nThis applies to the Classic Proof as well as to the Overproof and Sloeberry.<\/p>\n<p>&nbsp;<\/p>\n<p><strong>Content:<\/strong><br \/>\n1 bottle STIN-Classic Proof 500 ml<br \/>\n1 bottle STIN-Sloeberry 500 ml<br \/>\n1 bottle STIN-Overproof 500 ml<br \/>\n6 Gin Tonic Gl\u00e4ser von Riedel mit wei\u00df eingraviertem Logo im Boden (je 500 ml F\u00fcllmenge)<\/p>","protected":false},"excerpt":{"rendered":"<p>Das STIN-Set &#8222;Styrian Enjoyment&#8220; bietet die gesamte Vielfalt von STIN. Eines haben n\u00e4mlich alle drei Gin-Sorten gemeinsam: die 28 Botanicals f\u00fcr eine besondere Aromenvielfalt. Das gilt f\u00fcr den Classic Proof genauso wie f\u00fcr den Overproof und Sloeberry. &nbsp; Inhalt: 1 Flasche STIN-Classic Proof 500 ml 1 Flasche STIN-Sloeberry 500 ml 1 Flasche STIN-Overproof 500 ml [&hellip;]<\/p>","protected":false},"featured_media":5498,"template":"","meta":[],"product_cat":[87],"product_tag":[],"class_list":{"0":"post-5492","1":"product","2":"type-product","3":"status-publish","4":"has-post-thumbnail","6":"product_cat-gin-specials","8":"first","9":"instock","10":"taxable","11":"shipping-taxable","12":"purchasable","13":"product-type-simple"},"yoast_head":"<!-- This site is optimized with the Yoast SEO plugin v23.6 - https:\/\/yoast.com\/wordpress\/plugins\/seo\/ -->\n<title>STYRIAN ENJOYMENT - THE STIN<\/title>\n<meta name=\"robots\" content=\"index, follow, max-snippet:-1, max-image-preview:large, max-video-preview:-1\" \/>\n<link rel=\"canonical\" href=\"https:\/\/www.stin.at\/en\/produkt\/stin-set-styrian-enjoyment-kopie\/\" \/>\n<meta property=\"og:locale\" content=\"en_US\" \/>\n<meta property=\"og:type\" content=\"article\" \/>\n<meta property=\"og:title\" content=\"STYRIAN ENJOYMENT - THE STIN\" \/>\n<meta property=\"og:description\" content=\"Das STIN-Set &#8222;Styrian Enjoyment&#8220; bietet die gesamte Vielfalt von STIN. Eines haben n\u00e4mlich alle drei Gin-Sorten gemeinsam: die 28 Botanicals f\u00fcr eine besondere Aromenvielfalt. Das gilt f\u00fcr den Classic Proof genauso wie f\u00fcr den Overproof und Sloeberry. &nbsp; Inhalt: 1 Flasche STIN-Classic Proof 500 ml 1 Flasche STIN-Sloeberry 500 ml 1 Flasche STIN-Overproof 500 ml [&hellip;]\" \/>\n<meta property=\"og:url\" content=\"https:\/\/www.stin.at\/en\/produkt\/stin-set-styrian-enjoyment-kopie\/\" \/>\n<meta property=\"og:site_name\" content=\"THE STIN\" \/>\n<meta property=\"article:modified_time\" content=\"2023-11-27T07:06:37+00:00\" \/>\n<meta property=\"og:image\" content=\"https:\/\/www.stin.at\/wp-content\/uploads\/2022\/12\/STIN_Shop_StyrianEnjoyment.gif\" \/>\n\t<meta property=\"og:image:width\" content=\"640\" \/>\n\t<meta property=\"og:image:height\" content=\"905\" \/>\n\t<meta property=\"og:image:type\" content=\"image\/gif\" \/>\n<meta name=\"twitter:card\" content=\"summary_large_image\" \/>\n<script type=\"application\/ld+json\" class=\"yoast-schema-graph\">{\"@context\":\"https:\/\/schema.org\",\"@graph\":[{\"@type\":\"WebPage\",\"@id\":\"https:\/\/www.stin.at\/produkt\/stin-set-styrian-enjoyment-kopie\/\",\"url\":\"https:\/\/www.stin.at\/produkt\/stin-set-styrian-enjoyment-kopie\/\",\"name\":\"STYRIAN ENJOYMENT - THE STIN\",\"isPartOf\":{\"@id\":\"https:\/\/www.stin.at\/#website\"},\"primaryImageOfPage\":{\"@id\":\"https:\/\/www.stin.at\/produkt\/stin-set-styrian-enjoyment-kopie\/#primaryimage\"},\"image\":{\"@id\":\"https:\/\/www.stin.at\/produkt\/stin-set-styrian-enjoyment-kopie\/#primaryimage\"},\"thumbnailUrl\":\"https:\/\/www.stin.at\/wp-content\/uploads\/2022\/12\/STIN_Shop_StyrianEnjoyment.gif\",\"datePublished\":\"2022-12-10T08:34:18+00:00\",\"dateModified\":\"2023-11-27T07:06:37+00:00\",\"breadcrumb\":{\"@id\":\"https:\/\/www.stin.at\/produkt\/stin-set-styrian-enjoyment-kopie\/#breadcrumb\"},\"inLanguage\":\"en-US\",\"potentialAction\":[{\"@type\":\"ReadAction\",\"target\":[\"https:\/\/www.stin.at\/produkt\/stin-set-styrian-enjoyment-kopie\/\"]}]},{\"@type\":\"ImageObject\",\"inLanguage\":\"en-US\",\"@id\":\"https:\/\/www.stin.at\/produkt\/stin-set-styrian-enjoyment-kopie\/#primaryimage\",\"url\":\"https:\/\/www.stin.at\/wp-content\/uploads\/2022\/12\/STIN_Shop_StyrianEnjoyment.gif\",\"contentUrl\":\"https:\/\/www.stin.at\/wp-content\/uploads\/2022\/12\/STIN_Shop_StyrianEnjoyment.gif\",\"width\":707,\"height\":1000},{\"@type\":\"BreadcrumbList\",\"@id\":\"https:\/\/www.stin.at\/produkt\/stin-set-styrian-enjoyment-kopie\/#breadcrumb\",\"itemListElement\":[{\"@type\":\"ListItem\",\"position\":1,\"name\":\"Startseite\",\"item\":\"https:\/\/www.stin.at\/\"},{\"@type\":\"ListItem\",\"position\":2,\"name\":\"Produkte\",\"item\":\"https:\/\/www.stin.at\/shop\/\"},{\"@type\":\"ListItem\",\"position\":3,\"name\":\"STYRIAN ENJOYMENT\"}]},{\"@type\":\"WebSite\",\"@id\":\"https:\/\/www.stin.at\/#website\",\"url\":\"https:\/\/www.stin.at\/\",\"name\":\"THE STIN\",\"description\":\"Styrian Gin\",\"publisher\":{\"@id\":\"https:\/\/www.stin.at\/#organization\"},\"potentialAction\":[{\"@type\":\"SearchAction\",\"target\":{\"@type\":\"EntryPoint\",\"urlTemplate\":\"https:\/\/www.stin.at\/?s={search_term_string}\"},\"query-input\":{\"@type\":\"PropertyValueSpecification\",\"valueRequired\":true,\"valueName\":\"search_term_string\"}}],\"inLanguage\":\"en-US\"},{\"@type\":\"Organization\",\"@id\":\"https:\/\/www.stin.at\/#organization\",\"name\":\"THE STIN\",\"url\":\"https:\/\/www.stin.at\/\",\"logo\":{\"@type\":\"ImageObject\",\"inLanguage\":\"en-US\",\"@id\":\"https:\/\/www.stin.at\/#\/schema\/logo\/image\/\",\"url\":\"https:\/\/www.stin.at\/wp-content\/uploads\/2020\/08\/Mobile_Logo.png\",\"contentUrl\":\"https:\/\/www.stin.at\/wp-content\/uploads\/2020\/08\/Mobile_Logo.png\",\"width\":967,\"height\":102,\"caption\":\"THE STIN\"},\"image\":{\"@id\":\"https:\/\/www.stin.at\/#\/schema\/logo\/image\/\"}}]}<\/script>\n<!-- \/ Yoast SEO plugin. -->","yoast_head_json":{"title":"STYRIAN ENJOYMENT - THE STIN","robots":{"index":"index","follow":"follow","max-snippet":"max-snippet:-1","max-image-preview":"max-image-preview:large","max-video-preview":"max-video-preview:-1"},"canonical":"https:\/\/www.stin.at\/en\/produkt\/stin-set-styrian-enjoyment-kopie\/","og_locale":"en_US","og_type":"article","og_title":"STYRIAN ENJOYMENT - THE STIN","og_description":"Das STIN-Set &#8222;Styrian Enjoyment&#8220; bietet die gesamte Vielfalt von STIN. Eines haben n\u00e4mlich alle drei Gin-Sorten gemeinsam: die 28 Botanicals f\u00fcr eine besondere Aromenvielfalt. Das gilt f\u00fcr den Classic Proof genauso wie f\u00fcr den Overproof und Sloeberry. &nbsp; Inhalt: 1 Flasche STIN-Classic Proof 500 ml 1 Flasche STIN-Sloeberry 500 ml 1 Flasche STIN-Overproof 500 ml [&hellip;]","og_url":"https:\/\/www.stin.at\/en\/produkt\/stin-set-styrian-enjoyment-kopie\/","og_site_name":"THE STIN","article_modified_time":"2023-11-27T07:06:37+00:00","og_image":[{"url":"https:\/\/www.stin.at\/wp-content\/uploads\/2022\/12\/STIN_Shop_StyrianEnjoyment.gif","width":640,"height":905,"type":"image\/gif"}],"twitter_card":"summary_large_image","schema":{"@context":"https:\/\/schema.org","@graph":[{"@type":"WebPage","@id":"https:\/\/www.stin.at\/produkt\/stin-set-styrian-enjoyment-kopie\/","url":"https:\/\/www.stin.at\/produkt\/stin-set-styrian-enjoyment-kopie\/","name":"STYRIAN ENJOYMENT - THE STIN","isPartOf":{"@id":"https:\/\/www.stin.at\/#website"},"primaryImageOfPage":{"@id":"https:\/\/www.stin.at\/produkt\/stin-set-styrian-enjoyment-kopie\/#primaryimage"},"image":{"@id":"https:\/\/www.stin.at\/produkt\/stin-set-styrian-enjoyment-kopie\/#primaryimage"},"thumbnailUrl":"https:\/\/www.stin.at\/wp-content\/uploads\/2022\/12\/STIN_Shop_StyrianEnjoyment.gif","datePublished":"2022-12-10T08:34:18+00:00","dateModified":"2023-11-27T07:06:37+00:00","breadcrumb":{"@id":"https:\/\/www.stin.at\/produkt\/stin-set-styrian-enjoyment-kopie\/#breadcrumb"},"inLanguage":"en-US","potentialAction":[{"@type":"ReadAction","target":["https:\/\/www.stin.at\/produkt\/stin-set-styrian-enjoyment-kopie\/"]}]},{"@type":"ImageObject","inLanguage":"en-US","@id":"https:\/\/www.stin.at\/produkt\/stin-set-styrian-enjoyment-kopie\/#primaryimage","url":"https:\/\/www.stin.at\/wp-content\/uploads\/2022\/12\/STIN_Shop_StyrianEnjoyment.gif","contentUrl":"https:\/\/www.stin.at\/wp-content\/uploads\/2022\/12\/STIN_Shop_StyrianEnjoyment.gif","width":707,"height":1000},{"@type":"BreadcrumbList","@id":"https:\/\/www.stin.at\/produkt\/stin-set-styrian-enjoyment-kopie\/#breadcrumb","itemListElement":[{"@type":"ListItem","position":1,"name":"Startseite","item":"https:\/\/www.stin.at\/"},{"@type":"ListItem","position":2,"name":"Produkte","item":"https:\/\/www.stin.at\/shop\/"},{"@type":"ListItem","position":3,"name":"STYRIAN ENJOYMENT"}]},{"@type":"WebSite","@id":"https:\/\/www.stin.at\/#website","url":"https:\/\/www.stin.at\/","name":"THE STIN","description":"Styrian Gin","publisher":{"@id":"https:\/\/www.stin.at\/#organization"},"potentialAction":[{"@type":"SearchAction","target":{"@type":"EntryPoint","urlTemplate":"https:\/\/www.stin.at\/?s={search_term_string}"},"query-input":{"@type":"PropertyValueSpecification","valueRequired":true,"valueName":"search_term_string"}}],"inLanguage":"en-US"},{"@type":"Organization","@id":"https:\/\/www.stin.at\/#organization","name":"THE STIN","url":"https:\/\/www.stin.at\/","logo":{"@type":"ImageObject","inLanguage":"en-US","@id":"https:\/\/www.stin.at\/#\/schema\/logo\/image\/","url":"https:\/\/www.stin.at\/wp-content\/uploads\/2020\/08\/Mobile_Logo.png","contentUrl":"https:\/\/www.stin.at\/wp-content\/uploads\/2020\/08\/Mobile_Logo.png","width":967,"height":102,"caption":"THE STIN"},"image":{"@id":"https:\/\/www.stin.at\/#\/schema\/logo\/image\/"}}]}},"_links":{"self":[{"href":"https:\/\/www.stin.at\/en\/wp-json\/wp\/v2\/product\/5492"}],"collection":[{"href":"https:\/\/www.stin.at\/en\/wp-json\/wp\/v2\/product"}],"about":[{"href":"https:\/\/www.stin.at\/en\/wp-json\/wp\/v2\/types\/product"}],"wp:featuredmedia":[{"embeddable":true,"href":"https:\/\/www.stin.at\/en\/wp-json\/wp\/v2\/media\/5498"}],"wp:attachment":[{"href":"https:\/\/www.stin.at\/en\/wp-json\/wp\/v2\/media?parent=5492"}],"wp:term":[{"taxonomy":"product_cat","embeddable":true,"href":"https:\/\/www.stin.at\/en\/wp-json\/wp\/v2\/product_cat?post=5492"},{"taxonomy":"product_tag","embeddable":true,"href":"https:\/\/www.stin.at\/en\/wp-json\/wp\/v2\/product_tag?post=5492"}],"curies":[{"name":"wp","href":"https:\/\/api.w.org\/{rel}","templated":true}]}}