{"id":3906,"date":"2020-05-22T09:45:26","date_gmt":"2020-05-22T07:45:26","guid":{"rendered":"https:\/\/www.stin.at\/?post_type=product&#038;p=3906"},"modified":"2023-11-27T08:06:20","modified_gmt":"2023-11-27T07:06:20","slug":"gin-glas","status":"publish","type":"product","link":"https:\/\/www.stin.at\/en\/produkt\/gin-glas\/","title":{"rendered":"Gin Glas"},"content":{"rendered":"<p>The perfect gin and tonic glass from Riedel.<\/p>\n<p>A good gin and tonic not only depends on the right tonic, but also on the right drinking temperature.\nThis temperature should be as low as possible and should last for a long time. A good gin and tonic glass therefore offers room for ice cubes as large as possible, as these keep the temperature low with low melt water release.<br \/>\nThis should be as low as possible and last for a long time. Therefore, a good gin and tonic glass has room for ice cubes as large as possible, because these keep the temperature low with low melt water release.<\/p>\n<p>In addition, the right gin and tonic glass provides the necessary space for our STIN to unfold all the aromas of its botanicals.<\/p>\n<p>&nbsp;<\/p>\n<p><strong>Information:<\/strong><br \/>\nRiedel glass with engraved logo in the glass bottom.<br \/>\n500 ml capacity.<\/p>","protected":false},"excerpt":{"rendered":"<p>Das perfekte Gin Tonic Glas von Riedel. Ein guter Gin Tonic h\u00e4ngt nicht nur vom passenden Tonic ab, sondern vor allem auch von der richtigen Trinktemperatur. Diese sollte n\u00e4mlich m\u00f6glichst niedrig sein und lange anhalten. Daher bietet ein gutes Gin Tonic Glas Platz f\u00fcr m\u00f6glichst gro\u00dfe Eisw\u00fcrfel, denn diese halten die Temperatur bei geringer Schmelzwasser-Aabgabe [&hellip;]<\/p>","protected":false},"featured_media":3944,"template":"","meta":[],"product_cat":[17],"product_tag":[],"class_list":{"0":"post-3906","1":"product","2":"type-product","3":"status-publish","4":"has-post-thumbnail","6":"product_cat-gin-glaeser","8":"first","9":"instock","10":"taxable","11":"shipping-taxable","12":"purchasable","13":"product-type-simple"},"yoast_head":"<!-- This site is optimized with the Yoast SEO plugin v23.6 - https:\/\/yoast.com\/wordpress\/plugins\/seo\/ -->\n<title>Gin Glas - THE STIN<\/title>\n<meta name=\"robots\" content=\"index, follow, max-snippet:-1, max-image-preview:large, max-video-preview:-1\" \/>\n<link rel=\"canonical\" href=\"https:\/\/www.stin.at\/en\/produkt\/gin-glas\/\" \/>\n<meta property=\"og:locale\" content=\"en_US\" \/>\n<meta property=\"og:type\" content=\"article\" \/>\n<meta property=\"og:title\" content=\"Gin Glas - THE STIN\" \/>\n<meta property=\"og:description\" content=\"Das perfekte Gin Tonic Glas von Riedel. Ein guter Gin Tonic h\u00e4ngt nicht nur vom passenden Tonic ab, sondern vor allem auch von der richtigen Trinktemperatur. Diese sollte n\u00e4mlich m\u00f6glichst niedrig sein und lange anhalten. Daher bietet ein gutes Gin Tonic Glas Platz f\u00fcr m\u00f6glichst gro\u00dfe Eisw\u00fcrfel, denn diese halten die Temperatur bei geringer Schmelzwasser-Aabgabe [&hellip;]\" \/>\n<meta property=\"og:url\" content=\"https:\/\/www.stin.at\/en\/produkt\/gin-glas\/\" \/>\n<meta property=\"og:site_name\" content=\"THE STIN\" \/>\n<meta property=\"article:modified_time\" content=\"2023-11-27T07:06:20+00:00\" \/>\n<meta property=\"og:image\" content=\"https:\/\/www.stin.at\/wp-content\/uploads\/2020\/05\/STIN_Shop_Stin_Tonic_Glass.jpg\" \/>\n\t<meta property=\"og:image:width\" content=\"707\" \/>\n\t<meta property=\"og:image:height\" content=\"1000\" \/>\n\t<meta property=\"og:image:type\" content=\"image\/jpeg\" \/>\n<meta name=\"twitter:card\" content=\"summary_large_image\" \/>\n<meta name=\"twitter:label1\" content=\"Est. reading time\" \/>\n\t<meta name=\"twitter:data1\" content=\"1 minute\" \/>\n<script type=\"application\/ld+json\" class=\"yoast-schema-graph\">{\"@context\":\"https:\/\/schema.org\",\"@graph\":[{\"@type\":\"WebPage\",\"@id\":\"https:\/\/www.stin.at\/produkt\/gin-glas\/\",\"url\":\"https:\/\/www.stin.at\/produkt\/gin-glas\/\",\"name\":\"Gin Glas - THE STIN\",\"isPartOf\":{\"@id\":\"https:\/\/www.stin.at\/#website\"},\"primaryImageOfPage\":{\"@id\":\"https:\/\/www.stin.at\/produkt\/gin-glas\/#primaryimage\"},\"image\":{\"@id\":\"https:\/\/www.stin.at\/produkt\/gin-glas\/#primaryimage\"},\"thumbnailUrl\":\"https:\/\/www.stin.at\/wp-content\/uploads\/2020\/05\/STIN_Shop_Stin_Tonic_Glass.jpg\",\"datePublished\":\"2020-05-22T07:45:26+00:00\",\"dateModified\":\"2023-11-27T07:06:20+00:00\",\"breadcrumb\":{\"@id\":\"https:\/\/www.stin.at\/produkt\/gin-glas\/#breadcrumb\"},\"inLanguage\":\"en-US\",\"potentialAction\":[{\"@type\":\"ReadAction\",\"target\":[\"https:\/\/www.stin.at\/produkt\/gin-glas\/\"]}]},{\"@type\":\"ImageObject\",\"inLanguage\":\"en-US\",\"@id\":\"https:\/\/www.stin.at\/produkt\/gin-glas\/#primaryimage\",\"url\":\"https:\/\/www.stin.at\/wp-content\/uploads\/2020\/05\/STIN_Shop_Stin_Tonic_Glass.jpg\",\"contentUrl\":\"https:\/\/www.stin.at\/wp-content\/uploads\/2020\/05\/STIN_Shop_Stin_Tonic_Glass.jpg\",\"width\":707,\"height\":1000,\"caption\":\"STIN Gin Tonic Glas\"},{\"@type\":\"BreadcrumbList\",\"@id\":\"https:\/\/www.stin.at\/produkt\/gin-glas\/#breadcrumb\",\"itemListElement\":[{\"@type\":\"ListItem\",\"position\":1,\"name\":\"Startseite\",\"item\":\"https:\/\/www.stin.at\/\"},{\"@type\":\"ListItem\",\"position\":2,\"name\":\"Produkte\",\"item\":\"https:\/\/www.stin.at\/shop\/\"},{\"@type\":\"ListItem\",\"position\":3,\"name\":\"Gin Glas\"}]},{\"@type\":\"WebSite\",\"@id\":\"https:\/\/www.stin.at\/#website\",\"url\":\"https:\/\/www.stin.at\/\",\"name\":\"THE STIN\",\"description\":\"Styrian Gin\",\"publisher\":{\"@id\":\"https:\/\/www.stin.at\/#organization\"},\"potentialAction\":[{\"@type\":\"SearchAction\",\"target\":{\"@type\":\"EntryPoint\",\"urlTemplate\":\"https:\/\/www.stin.at\/?s={search_term_string}\"},\"query-input\":{\"@type\":\"PropertyValueSpecification\",\"valueRequired\":true,\"valueName\":\"search_term_string\"}}],\"inLanguage\":\"en-US\"},{\"@type\":\"Organization\",\"@id\":\"https:\/\/www.stin.at\/#organization\",\"name\":\"THE STIN\",\"url\":\"https:\/\/www.stin.at\/\",\"logo\":{\"@type\":\"ImageObject\",\"inLanguage\":\"en-US\",\"@id\":\"https:\/\/www.stin.at\/#\/schema\/logo\/image\/\",\"url\":\"https:\/\/www.stin.at\/wp-content\/uploads\/2020\/08\/Mobile_Logo.png\",\"contentUrl\":\"https:\/\/www.stin.at\/wp-content\/uploads\/2020\/08\/Mobile_Logo.png\",\"width\":967,\"height\":102,\"caption\":\"THE STIN\"},\"image\":{\"@id\":\"https:\/\/www.stin.at\/#\/schema\/logo\/image\/\"}}]}<\/script>\n<!-- \/ Yoast SEO plugin. -->","yoast_head_json":{"title":"Gin Glas - THE STIN","robots":{"index":"index","follow":"follow","max-snippet":"max-snippet:-1","max-image-preview":"max-image-preview:large","max-video-preview":"max-video-preview:-1"},"canonical":"https:\/\/www.stin.at\/en\/produkt\/gin-glas\/","og_locale":"en_US","og_type":"article","og_title":"Gin Glas - THE STIN","og_description":"Das perfekte Gin Tonic Glas von Riedel. Ein guter Gin Tonic h\u00e4ngt nicht nur vom passenden Tonic ab, sondern vor allem auch von der richtigen Trinktemperatur. Diese sollte n\u00e4mlich m\u00f6glichst niedrig sein und lange anhalten. Daher bietet ein gutes Gin Tonic Glas Platz f\u00fcr m\u00f6glichst gro\u00dfe Eisw\u00fcrfel, denn diese halten die Temperatur bei geringer Schmelzwasser-Aabgabe [&hellip;]","og_url":"https:\/\/www.stin.at\/en\/produkt\/gin-glas\/","og_site_name":"THE STIN","article_modified_time":"2023-11-27T07:06:20+00:00","og_image":[{"width":707,"height":1000,"url":"https:\/\/www.stin.at\/wp-content\/uploads\/2020\/05\/STIN_Shop_Stin_Tonic_Glass.jpg","type":"image\/jpeg"}],"twitter_card":"summary_large_image","twitter_misc":{"Est. reading time":"1 minute"},"schema":{"@context":"https:\/\/schema.org","@graph":[{"@type":"WebPage","@id":"https:\/\/www.stin.at\/produkt\/gin-glas\/","url":"https:\/\/www.stin.at\/produkt\/gin-glas\/","name":"Gin Glas - THE STIN","isPartOf":{"@id":"https:\/\/www.stin.at\/#website"},"primaryImageOfPage":{"@id":"https:\/\/www.stin.at\/produkt\/gin-glas\/#primaryimage"},"image":{"@id":"https:\/\/www.stin.at\/produkt\/gin-glas\/#primaryimage"},"thumbnailUrl":"https:\/\/www.stin.at\/wp-content\/uploads\/2020\/05\/STIN_Shop_Stin_Tonic_Glass.jpg","datePublished":"2020-05-22T07:45:26+00:00","dateModified":"2023-11-27T07:06:20+00:00","breadcrumb":{"@id":"https:\/\/www.stin.at\/produkt\/gin-glas\/#breadcrumb"},"inLanguage":"en-US","potentialAction":[{"@type":"ReadAction","target":["https:\/\/www.stin.at\/produkt\/gin-glas\/"]}]},{"@type":"ImageObject","inLanguage":"en-US","@id":"https:\/\/www.stin.at\/produkt\/gin-glas\/#primaryimage","url":"https:\/\/www.stin.at\/wp-content\/uploads\/2020\/05\/STIN_Shop_Stin_Tonic_Glass.jpg","contentUrl":"https:\/\/www.stin.at\/wp-content\/uploads\/2020\/05\/STIN_Shop_Stin_Tonic_Glass.jpg","width":707,"height":1000,"caption":"STIN Gin Tonic Glas"},{"@type":"BreadcrumbList","@id":"https:\/\/www.stin.at\/produkt\/gin-glas\/#breadcrumb","itemListElement":[{"@type":"ListItem","position":1,"name":"Startseite","item":"https:\/\/www.stin.at\/"},{"@type":"ListItem","position":2,"name":"Produkte","item":"https:\/\/www.stin.at\/shop\/"},{"@type":"ListItem","position":3,"name":"Gin Glas"}]},{"@type":"WebSite","@id":"https:\/\/www.stin.at\/#website","url":"https:\/\/www.stin.at\/","name":"THE STIN","description":"Styrian Gin","publisher":{"@id":"https:\/\/www.stin.at\/#organization"},"potentialAction":[{"@type":"SearchAction","target":{"@type":"EntryPoint","urlTemplate":"https:\/\/www.stin.at\/?s={search_term_string}"},"query-input":{"@type":"PropertyValueSpecification","valueRequired":true,"valueName":"search_term_string"}}],"inLanguage":"en-US"},{"@type":"Organization","@id":"https:\/\/www.stin.at\/#organization","name":"THE STIN","url":"https:\/\/www.stin.at\/","logo":{"@type":"ImageObject","inLanguage":"en-US","@id":"https:\/\/www.stin.at\/#\/schema\/logo\/image\/","url":"https:\/\/www.stin.at\/wp-content\/uploads\/2020\/08\/Mobile_Logo.png","contentUrl":"https:\/\/www.stin.at\/wp-content\/uploads\/2020\/08\/Mobile_Logo.png","width":967,"height":102,"caption":"THE STIN"},"image":{"@id":"https:\/\/www.stin.at\/#\/schema\/logo\/image\/"}}]}},"_links":{"self":[{"href":"https:\/\/www.stin.at\/en\/wp-json\/wp\/v2\/product\/3906"}],"collection":[{"href":"https:\/\/www.stin.at\/en\/wp-json\/wp\/v2\/product"}],"about":[{"href":"https:\/\/www.stin.at\/en\/wp-json\/wp\/v2\/types\/product"}],"wp:featuredmedia":[{"embeddable":true,"href":"https:\/\/www.stin.at\/en\/wp-json\/wp\/v2\/media\/3944"}],"wp:attachment":[{"href":"https:\/\/www.stin.at\/en\/wp-json\/wp\/v2\/media?parent=3906"}],"wp:term":[{"taxonomy":"product_cat","embeddable":true,"href":"https:\/\/www.stin.at\/en\/wp-json\/wp\/v2\/product_cat?post=3906"},{"taxonomy":"product_tag","embeddable":true,"href":"https:\/\/www.stin.at\/en\/wp-json\/wp\/v2\/product_tag?post=3906"}],"curies":[{"name":"wp","href":"https:\/\/api.w.org\/{rel}","templated":true}]}}